{"id":4730,"date":"2025-07-01T19:16:34","date_gmt":"2025-07-01T19:16:34","guid":{"rendered":"https:\/\/glacier.rs\/?page_id=4730"},"modified":"2025-07-31T12:32:26","modified_gmt":"2025-07-31T12:32:26","slug":"novosti","status":"publish","type":"page","link":"https:\/\/glacier.rs\/en\/novosti\/","title":{"rendered":"News"},"content":{"rendered":"\t\t<div data-elementor-type=\"wp-page\" data-elementor-id=\"4730\" class=\"elementor elementor-4730\">\n\t\t\t\t\t\t<section class=\"elementor-section elementor-top-section elementor-element elementor-element-cb26852 elementor-section-boxed elementor-section-height-default elementor-section-height-default\" data-id=\"cb26852\" data-element_type=\"section\" data-e-type=\"section\">\r\n\t\t\t\t\t\t<div class=\"elementor-container elementor-column-gap-thegem\"><div class=\"elementor-row\">\r\n\t\t\t\t\t<div class=\"elementor-column elementor-col-100 elementor-top-column elementor-element elementor-element-32b0fa9\" data-id=\"32b0fa9\" data-element_type=\"column\" data-e-type=\"column\">\n\t\t\t<div class=\"elementor-widget-wrap elementor-element-populated\">\n\t\t\t\t\t\t<div class=\"elementor-element elementor-element-f7fa721 flex-horizontal-align-default flex-horizontal-align-tablet-default flex-horizontal-align-mobile-default flex-vertical-align-default flex-vertical-align-tablet-default flex-vertical-align-mobile-default elementor-widget elementor-widget-thegem-animated-heading\" data-id=\"f7fa721\" data-element_type=\"widget\" data-e-type=\"widget\" data-widget_type=\"thegem-animated-heading.default\">\n\t\t\t\t<div class=\"elementor-widget-container\">\n\t\t\t\t\t<div class=\"thegem-heading thegem-animated-heading title-h1\" id=\"thegem-heading-f7fa721\"><span>Glacier novosti \u2013 tr\u017ei\u0161te, saveti i vozila<\/span> <\/div><style type=\"text\/css\">#thegem-heading-f7fa721 {margin: 0;}#thegem-heading-f7fa721 {margin-left: auto; margin-right: auto;}#thegem-heading-f7fa721 > * {justify-content: center;}<\/style>\t\t\t\t<\/div>\n\t\t\t\t<\/div>\n\t\t\t\t\t<\/div>\n\t\t<\/div>\n\t\t\t\t\t<\/div><\/div>\r\n\t\t<\/section>\r\n\t\t\t\t<section class=\"elementor-section elementor-top-section elementor-element elementor-element-4a34449 elementor-section-boxed elementor-section-height-default elementor-section-height-default\" data-id=\"4a34449\" data-element_type=\"section\" data-e-type=\"section\">\r\n\t\t\t\t\t\t<div class=\"elementor-container elementor-column-gap-thegem\"><div class=\"elementor-row\">\r\n\t\t\t\t\t<div class=\"elementor-column elementor-col-100 elementor-top-column elementor-element elementor-element-a5a7dbf\" data-id=\"a5a7dbf\" data-element_type=\"column\" data-e-type=\"column\">\n\t\t\t<div class=\"elementor-widget-wrap elementor-element-populated\">\n\t\t\t\t\t\t<div class=\"elementor-element elementor-element-a4da6b0 flex-horizontal-align-default flex-horizontal-align-tablet-default flex-horizontal-align-mobile-default flex-vertical-align-default flex-vertical-align-tablet-default flex-vertical-align-mobile-default elementor-widget elementor-widget-thegem-blog-grid\" data-id=\"a4da6b0\" data-element_type=\"widget\" data-e-type=\"widget\" data-settings=\"{&quot;thegem_elementor_preset&quot;:&quot;style-1&quot;,&quot;items_per_page&quot;:9,&quot;query_type&quot;:&quot;post&quot;,&quot;source&quot;:[&quot;categories&quot;],&quot;exclude_blog_posts_type&quot;:&quot;manual&quot;,&quot;order_by&quot;:&quot;default&quot;,&quot;order&quot;:&quot;default&quot;,&quot;image_icon_show&quot;:&quot;yes&quot;}\" data-widget_type=\"thegem-blog-grid.default\">\n\t\t\t\t<div class=\"elementor-widget-container\">\n\t\t\t\t\t\t\t\t<div class=\"preloader\"><div class=\"preloader-spin\"><\/div><\/div>\n\t\t\t<div class=\"blog-grid blog clearfix  justified-style-1  blog-style-justified  blog-style-3x    inline-row   blog-style-justified-3x \" data-page=\"1\" data-paged=\"1\" data-next-page=\"0\" data-load-more-action=\"thegem_bloggrid_load_more\">\n\t\t\t\n<article id=\"post-9770\" class=\"post-item col-lg-4 col-md-4 col-sm-6 col-xs-6 inline-column item-animations-not-inited post-9770 post type-post status-publish format-standard has-post-thumbnail category-uncategorized\">\n\n\t\t\t<div class=\"post-content-wrapper\">\n\t\t\n\t\t\t\t\t\t\n\t\t\t\t\t\t\t<div class=\"post-image\"><div class=\"post-featured-content\"><a href=\"https:\/\/glacier.rs\/en\/tahograf\/\">\t\t<picture>\n\t\t\t\t\t\t\t\t\t\t\t\t\t\t\t\t\t\t\t<img fetchpriority=\"high\" src=\"https:\/\/glacier.rs\/wp-content\/uploads\/2025\/07\/wizard-media-9205-thegem-blog-justified.webp\" width=\"640\" height=\"480\"  class=\"img-responsive\" alt=\"wizard media-9205\" \/>\n\t\t<\/picture>\n\t\t<\/a><\/div><\/div>\n\t\t\t\n\t\t\t<div class=\"caption-container\">\n\t\t\t\t<div class=\"description\">\n\t\t\t\t\t<div class=\"post-meta-conteiner\">\n\n\t\t\t\t\t\t\t<span class=\"post-meta-author\">\n\t\t\t\t\t\t\t\t\t\t\t\t\t\t\t<\/span>\n\n\t\t\t\t\t\t<div class=\"post-meta-right\">\n\t\t\t\t\t\t\t\n\t\t\t\t\t\t\t\t\t\t\t\t\t\t\t\t\t\t\t\t<\/div>\n\t\t\t\t\t<\/div>\n\n\t\t\t\t\t<div class=\"post-title\">\n\t\t\t\t\t\t\t\t\t\t\t\t\t<div class=\"entry-title title-h4\"><a href=\"https:\/\/glacier.rs\/en\/tahograf\/\" rel=\"bookmark\"><span class=\"entry-title-date\"><\/span><span class=\"light\">Tahograf<\/span><\/a><\/div>\t\t\t\t\t\t\t\t\t\t\t<\/div>\n\n\t\t\t\t\t\t\t\t\t\t\t<div class=\"post-text\">\n\t\t\t\t\t\t\t<div class=\"summary\">\n\t\t\t\t\t\t\t\t\t\t\t\t\t\t\t\t\t<p>Nova pravila u Srbiji i EU za 2025. godinu Tahograf je danas jedan od klju\u010dnih elemenata bezbednosti u drumskom transportu&#8230;.<\/p>\n\t\t\t\t\t\t\t\t\t\t\t\t\t\t\t<\/div>\n\t\t\t\t\t\t<\/div>\n\t\t\t\t\t\n\t\t\t\t\t<div class=\"info clearfix\">\n\t\t\t\t\t\t\t<div class=\"post-footer-sharing\">\n\t\t\t\t\t\t\t\t\n<div class=\"gem-button-container gem-widget-button gem-button-position-inline\">\n\t<a class=\"gem-button gem-button-size-tiny gem-button-style-flat gem-button-text-weight-normal gem-button-empty\" href=\"#\" target=\"_self\" role=\"button\" aria-label=\"Share\">\n\t\t<div class=\"elementor-icon\">\n\t\t\t\t\t\t\t<i class=\"default\"><\/i>\n\t\t\t\t\t<\/div>\n\t<\/a>\n<\/div>\n\n<div class=\"sharing-popup\">\n\t<div class=\"socials-sharing socials socials-colored-hover\">\n\n\t\t\t\t\t<a class=\"socials-item\" target=\"_blank\" href=\"https:\/\/www.facebook.com\/sharer\/sharer.php?u=https%3A%2F%2Fglacier.rs%2Fen%2Ftahograf%2F\" title=\"Facebook\"><i class=\"socials-item-icon facebook\"><\/i><\/a>\n\t\t\n\t\t\t\t\t<a class=\"socials-item\" target=\"_blank\" href=\"https:\/\/twitter.com\/intent\/tweet?text=Tahograf&#038;url=https%3A%2F%2Fglacier.rs%2Fen%2Ftahograf%2F\" title=\"Twitter\"><i class=\"socials-item-icon twitter\"><\/i><\/a>\n\t\t\n\t\t\t\t\t<a class=\"socials-item\" target=\"_blank\" href=\"https:\/\/pinterest.com\/pin\/create\/button\/?url=https%3A%2F%2Fglacier.rs%2Fen%2Ftahograf%2F&#038;description=Tahograf&#038;media=https%3A%2F%2Fglacier.rs%2Fwp-content%2Fuploads%2F2025%2F07%2Fwizard-media-9205-thegem-blog-timeline-large.webp\" title=\"Pinterest\"><i class=\"socials-item-icon pinterest\"><\/i><\/a>\n\t\t\n\t\t\t\t\t<a class=\"socials-item\" target=\"_blank\" href=\"http:\/\/tumblr.com\/widgets\/share\/tool?canonicalUrl=https%3A%2F%2Fglacier.rs%2Fen%2Ftahograf%2F\" title=\"Tumblr\"><i class=\"socials-item-icon tumblr\"><\/i><\/a>\n\t\t\n\t\t\t\t\t<a class=\"socials-item\" target=\"_blank\" href=\"https:\/\/www.linkedin.com\/shareArticle?mini=true&#038;url=https%3A%2F%2Fglacier.rs%2Fen%2Ftahograf%2F&#038;title=Tahograf&amp;summary=Nova+pravila+u+Srbiji+i+EU+za+2025.+godinu+Tahograf+je+danas+jedan+od+klju%C4%8Dnih+elemenata+bezbednosti+u+drumskom+transportu....\" title=\"LinkedIn\"><i class=\"socials-item-icon linkedin\"><\/i><\/a>\n\t\t\n\t\t\t\t\t<a class=\"socials-item\" target=\"_blank\" href=\"https:\/\/www.reddit.com\/submit?url=https%3A%2F%2Fglacier.rs%2Fen%2Ftahograf%2F&#038;title=Tahograf\" title=\"Reddit\"><i class=\"socials-item-icon reddit\"><\/i><\/a>\n\t\t\n\t<\/div>\n\t<svg class=\"sharing-styled-arrow\"><use xlink:href=\"https:\/\/glacier.rs\/wp-content\/themes\/thegem-elementor\/css\/post-arrow.svg#dec-post-arrow\"><\/use><\/svg>\n<\/div>\n\t\t\t\t\t\t\t<\/div>\n\t\t\t\t\t\t\t<div class=\"post-read-more\">\n\t\t\t\t\t\t\t\t\t<div class=\"gem-button-container gem-widget-button gem-button-position-inline\">\n\t\t<a class=\"gem-button gem-button-size-tiny gem-button-style-outline\" href=\"https:\/\/glacier.rs\/en\/tahograf\/\">\n\t\t\t<span class=\"gem-inner-wrapper-btn\">\n\t\t\t\t\t\t\t\t<span class=\"gem-text-button\">\n\t\t\t\t\tPro\u010ditajte Vi\u0161e\t\t\t\t<\/span>\n\t\t\t<\/span>\n\t\t<\/a>\n\t<\/div>\n\t\t\t\t\t\t\t<\/div>\n\t\t\t\t\t<\/div>\n\t\t\t\t<\/div>\n\t\t\t<\/div>\n\n\t\t<\/div>\n\n<\/article>\n\n<article id=\"post-718\" class=\"post-item col-lg-4 col-md-4 col-sm-6 col-xs-6 inline-column item-animations-not-inited post-718 post type-post status-publish format-standard has-post-thumbnail category-uncategorized\">\n\n\t\t\t<div class=\"post-content-wrapper\">\n\t\t\n\t\t\t\t\t\t\n\t\t\t\t\t\t\t<div class=\"post-image\"><div class=\"post-featured-content\"><a href=\"https:\/\/glacier.rs\/en\/dozvole-za-medjunarodni-transport\/\">\t\t<picture>\n\t\t\t\t\t\t\t\t\t\t\t\t\t\t\t\t\t\t\t<img src=\"https:\/\/glacier.rs\/wp-content\/uploads\/2025\/07\/za-sajt-nova-slika-thegem-blog-justified.webp\" width=\"640\" height=\"480\"  class=\"img-responsive\" alt=\"za sajt-nova slika\" \/>\n\t\t<\/picture>\n\t\t<\/a><\/div><\/div>\n\t\t\t\n\t\t\t<div class=\"caption-container\">\n\t\t\t\t<div class=\"description\">\n\t\t\t\t\t<div class=\"post-meta-conteiner\">\n\n\t\t\t\t\t\t\t<span class=\"post-meta-author\">\n\t\t\t\t\t\t\t\t\t\t\t\t\t\t\t<\/span>\n\n\t\t\t\t\t\t<div class=\"post-meta-right\">\n\t\t\t\t\t\t\t\n\t\t\t\t\t\t\t\t\t\t\t\t\t\t\t\t\t\t\t\t<\/div>\n\t\t\t\t\t<\/div>\n\n\t\t\t\t\t<div class=\"post-title\">\n\t\t\t\t\t\t\t\t\t\t\t\t\t<div class=\"entry-title title-h4\"><a href=\"https:\/\/glacier.rs\/en\/dozvole-za-medjunarodni-transport\/\" rel=\"bookmark\"><span class=\"entry-title-date\"><\/span><span class=\"light\">Dozvole za me\u0111unarodni transport<\/span><\/a><\/div>\t\t\t\t\t\t\t\t\t\t\t<\/div>\n\n\t\t\t\t\t\t\t\t\t\t\t<div class=\"post-text\">\n\t\t\t\t\t\t\t<div class=\"summary\">\n\t\t\t\t\t\t\t\t\t\t\t\t\t\t\t\t\t<p>Kompletan vodi\u010d za 2025. godinu za prevoznike iz Srbije Me\u0111unarodni transport je oblast koja zahteva izuzetnu organizovanost, poznavanje zakona i&#8230;<\/p>\n\t\t\t\t\t\t\t\t\t\t\t\t\t\t\t<\/div>\n\t\t\t\t\t\t<\/div>\n\t\t\t\t\t\n\t\t\t\t\t<div class=\"info clearfix\">\n\t\t\t\t\t\t\t<div class=\"post-footer-sharing\">\n\t\t\t\t\t\t\t\t\n<div class=\"gem-button-container gem-widget-button gem-button-position-inline\">\n\t<a class=\"gem-button gem-button-size-tiny gem-button-style-flat gem-button-text-weight-normal gem-button-empty\" href=\"#\" target=\"_self\" role=\"button\" aria-label=\"Share\">\n\t\t<div class=\"elementor-icon\">\n\t\t\t\t\t\t\t<i class=\"default\"><\/i>\n\t\t\t\t\t<\/div>\n\t<\/a>\n<\/div>\n\n<div class=\"sharing-popup\">\n\t<div class=\"socials-sharing socials socials-colored-hover\">\n\n\t\t\t\t\t<a class=\"socials-item\" target=\"_blank\" href=\"https:\/\/www.facebook.com\/sharer\/sharer.php?u=https%3A%2F%2Fglacier.rs%2Fen%2Fdozvole-za-medjunarodni-transport%2F\" title=\"Facebook\"><i class=\"socials-item-icon facebook\"><\/i><\/a>\n\t\t\n\t\t\t\t\t<a class=\"socials-item\" target=\"_blank\" href=\"https:\/\/twitter.com\/intent\/tweet?text=Dozvole+za+me%C4%91unarodni+transport&#038;url=https%3A%2F%2Fglacier.rs%2Fen%2Fdozvole-za-medjunarodni-transport%2F\" title=\"Twitter\"><i class=\"socials-item-icon twitter\"><\/i><\/a>\n\t\t\n\t\t\t\t\t<a class=\"socials-item\" target=\"_blank\" href=\"https:\/\/pinterest.com\/pin\/create\/button\/?url=https%3A%2F%2Fglacier.rs%2Fen%2Fdozvole-za-medjunarodni-transport%2F&#038;description=Dozvole+za+me%C4%91unarodni+transport&#038;media=https%3A%2F%2Fglacier.rs%2Fwp-content%2Fuploads%2F2025%2F07%2Fza-sajt-nova-slika-thegem-blog-timeline-large.webp\" title=\"Pinterest\"><i class=\"socials-item-icon pinterest\"><\/i><\/a>\n\t\t\n\t\t\t\t\t<a class=\"socials-item\" target=\"_blank\" href=\"http:\/\/tumblr.com\/widgets\/share\/tool?canonicalUrl=https%3A%2F%2Fglacier.rs%2Fen%2Fdozvole-za-medjunarodni-transport%2F\" title=\"Tumblr\"><i class=\"socials-item-icon tumblr\"><\/i><\/a>\n\t\t\n\t\t\t\t\t<a class=\"socials-item\" target=\"_blank\" href=\"https:\/\/www.linkedin.com\/shareArticle?mini=true&#038;url=https%3A%2F%2Fglacier.rs%2Fen%2Fdozvole-za-medjunarodni-transport%2F&#038;title=Dozvole+za+me%C4%91unarodni+transport&amp;summary=Kompletan+vodi%C4%8D+za+2025.+godinu+za+prevoznike+iz+Srbije+Me%C4%91unarodni+transport+je+oblast+koja+zahteva+izuzetnu+organizovanost%2C+poznavanje+zakona+i...\" title=\"LinkedIn\"><i class=\"socials-item-icon linkedin\"><\/i><\/a>\n\t\t\n\t\t\t\t\t<a class=\"socials-item\" target=\"_blank\" href=\"https:\/\/www.reddit.com\/submit?url=https%3A%2F%2Fglacier.rs%2Fen%2Fdozvole-za-medjunarodni-transport%2F&#038;title=Dozvole+za+me%C4%91unarodni+transport\" title=\"Reddit\"><i class=\"socials-item-icon reddit\"><\/i><\/a>\n\t\t\n\t<\/div>\n\t<svg class=\"sharing-styled-arrow\"><use xlink:href=\"https:\/\/glacier.rs\/wp-content\/themes\/thegem-elementor\/css\/post-arrow.svg#dec-post-arrow\"><\/use><\/svg>\n<\/div>\n\t\t\t\t\t\t\t<\/div>\n\t\t\t\t\t\t\t<div class=\"post-read-more\">\n\t\t\t\t\t\t\t\t\t<div class=\"gem-button-container gem-widget-button gem-button-position-inline\">\n\t\t<a class=\"gem-button gem-button-size-tiny gem-button-style-outline\" href=\"https:\/\/glacier.rs\/en\/dozvole-za-medjunarodni-transport\/\">\n\t\t\t<span class=\"gem-inner-wrapper-btn\">\n\t\t\t\t\t\t\t\t<span class=\"gem-text-button\">\n\t\t\t\t\tPro\u010ditajte Vi\u0161e\t\t\t\t<\/span>\n\t\t\t<\/span>\n\t\t<\/a>\n\t<\/div>\n\t\t\t\t\t\t\t<\/div>\n\t\t\t\t\t<\/div>\n\t\t\t\t<\/div>\n\t\t\t<\/div>\n\n\t\t<\/div>\n\n<\/article>\n\t\t\t<\/div>\n\t\t\t\t\t<style>\n\t\t\t\t.elementor-element-a4da6b0 .blog-grid .post-image a:hover:after{opacity: 1 !important;}\n\t\t\t\t.elementor-element-a4da6b0 .blog-grid .post-content-wrapper:hover .post-image a:after{opacity: 1 !important;}\n\t\t\t<\/style>\n\t\t\n\t\t\t\n\t\t\t\t\t\t\t<div class=\"preloader\"><div class=\"preloader-spin\"><\/div><\/div>\n\t\t\t\t<div class=\"blog-grid-pagination\" data-page=\"1\" data-next-page=\"0\">\n\t\t\t\t\t\t\t\t\t\t\t\t\t\t\t\t\t\t\t\t<\/div>\n\t\t\t\n\t\t\t\n\t\t\t\n\t\t\t\n\t\t\t\t\t\t<\/div>\n\t\t\t\t<\/div>\n\t\t\t\t\t<\/div>\n\t\t<\/div>\n\t\t\t\t\t<\/div><\/div>\r\n\t\t<\/section>\r\n\t\t\t\t<section class=\"elementor-section elementor-top-section elementor-element elementor-element-f0d0932 elementor-section-content-middle elementor-section-boxed elementor-section-height-default elementor-section-height-default\" data-id=\"f0d0932\" data-element_type=\"section\" data-e-type=\"section\" data-settings=\"{&quot;background_background&quot;:&quot;classic&quot;}\">\r\n\t\t\t\t\t\t\t<div class=\"elementor-background-overlay\"><\/div>\r\n\t\t\t\t\t\t\t<div class=\"elementor-container elementor-column-gap-thegem\"><div class=\"elementor-row\">\r\n\t\t\t\t\t<div class=\"elementor-column elementor-col-33 elementor-top-column elementor-element elementor-element-2084d41\" data-id=\"2084d41\" data-element_type=\"column\" data-e-type=\"column\">\n\t\t\t<div class=\"elementor-widget-wrap elementor-element-populated\">\n\t\t\t\t\t\t<div class=\"elementor-element elementor-element-328d7bc flex-horizontal-align-default flex-horizontal-align-tablet-default flex-horizontal-align-mobile-default flex-vertical-align-default flex-vertical-align-tablet-default flex-vertical-align-mobile-default elementor-widget elementor-widget-thegem-animated-heading\" data-id=\"328d7bc\" data-element_type=\"widget\" data-e-type=\"widget\" data-widget_type=\"thegem-animated-heading.default\">\n\t\t\t\t<div class=\"elementor-widget-container\">\n\t\t\t\t\t<div class=\"thegem-heading thegem-animated-heading title-h1\" id=\"thegem-heading-328d7bc\"><span class=\"colored\" style=\"color: #FFFFFF;\">Otkupljujemo \u2013 <\/span>  <span class=\"colored\" style=\"color: #FF6600;\"> teretna vozila<\/span>  <span class=\"colored\" style=\"color: #FFFFFF;\">brzo i bez komplikacija!<\/span> <\/div><style type=\"text\/css\">#thegem-heading-328d7bc {margin: 0;}<\/style>\t\t\t\t<\/div>\n\t\t\t\t<\/div>\n\t\t\t\t\t<\/div>\n\t\t<\/div>\n\t\t\t\t<div class=\"elementor-column elementor-col-33 elementor-top-column elementor-element elementor-element-6e72d8f\" data-id=\"6e72d8f\" data-element_type=\"column\" data-e-type=\"column\">\n\t\t\t<div class=\"elementor-widget-wrap elementor-element-populated\">\n\t\t\t\t\t\t<div class=\"elementor-element elementor-element-2136aaf flex-horizontal-align-default flex-horizontal-align-tablet-default flex-horizontal-align-mobile-default flex-vertical-align-default flex-vertical-align-tablet-default flex-vertical-align-mobile-default elementor-widget elementor-widget-thegem-animated-heading\" data-id=\"2136aaf\" data-element_type=\"widget\" data-e-type=\"widget\" data-widget_type=\"thegem-animated-heading.default\">\n\t\t\t\t<div class=\"elementor-widget-container\">\n\t\t\t\t\t<div class=\"thegem-heading thegem-animated-heading title-h5\" id=\"thegem-heading-2136aaf\"><span class=\"colored\" style=\"color: #FFFFFF;\">Kontaktirajte nas i po\u0161aljite osnovne podatke o vozilu. Dobi\u0107ete ponudu u najkra\u0107em roku.<\/span> <\/div><style type=\"text\/css\">#thegem-heading-2136aaf {margin: 0;}<\/style>\t\t\t\t<\/div>\n\t\t\t\t<\/div>\n\t\t\t\t\t<\/div>\n\t\t<\/div>\n\t\t\t\t<div class=\"elementor-column elementor-col-33 elementor-top-column elementor-element elementor-element-d1e2b33\" data-id=\"d1e2b33\" data-element_type=\"column\" data-e-type=\"column\">\n\t\t\t<div class=\"elementor-widget-wrap elementor-element-populated\">\n\t\t\t\t\t\t<div class=\"elementor-element elementor-element-86d610e flex-horizontal-align-default flex-horizontal-align-tablet-default flex-horizontal-align-mobile-default flex-vertical-align-default flex-vertical-align-tablet-default flex-vertical-align-mobile-default elementor-widget elementor-widget-thegem-styledbutton\" data-id=\"86d610e\" data-element_type=\"widget\" data-e-type=\"widget\" data-settings=\"{&quot;thegem_button_skin&quot;:&quot;flat&quot;}\" data-widget_type=\"thegem-styledbutton.default\">\n\t\t\t\t<div class=\"elementor-widget-container\">\n\t\t\t\t\t\n<div class=\"gem-button-container gem-widget-button\">\n\n\t\t<a class=\"gem-button gem-button-size-medium gem-button-text-weight-bold gem-button-style-flat\" href=\"\/otkup-teretnih-vozila\" target=\"_blank\">\n\t\t<span class=\"gem-inner-wrapper-btn\">\n\t\t\t\t\t\t<span class=\"gem-text-button title-h6\">\n\t\t\t\tPO\u0160ALJITE PONUDU\t\t\t<\/span>\n\t\t<\/span>\n\t<\/a>\n\n\t\n<\/div>\t\t\t\t<\/div>\n\t\t\t\t<\/div>\n\t\t\t\t\t<\/div>\n\t\t<\/div>\n\t\t\t\t\t<\/div><\/div>\r\n\t\t<\/section>\r\n\t\t\t\t<\/div>\n\t\t","protected":false},"excerpt":{"rendered":"<p>Glacier novosti \u2013 tr\u017ei\u0161te, saveti i vozila Otkupljujemo \u2013 teretna vozila brzo i bez komplikacija! Kontaktirajte nas i po\u0161aljite osnovne&#8230;<\/p>","protected":false},"author":1,"featured_media":0,"parent":0,"menu_order":0,"comment_status":"closed","ping_status":"closed","template":"page-fullwidth.php","meta":{"_acf_changed":false,"footnotes":""},"class_list":["post-4730","page","type-page","status-publish"],"acf":[],"yoast_head":"<!-- This site is optimized with the Yoast SEO Premium plugin v27.3 (Yoast SEO v27.3) - https:\/\/yoast.com\/product\/yoast-seo-premium-wordpress\/ -->\n<title>Novosti - Glacier<\/title>\n<meta name=\"robots\" content=\"index, follow, max-snippet:-1, max-image-preview:large, max-video-preview:-1\" \/>\n<link rel=\"canonical\" href=\"https:\/\/glacier.rs\/en\/novosti\/\" \/>\n<meta property=\"og:locale\" content=\"en_GB\" \/>\n<meta property=\"og:type\" content=\"article\" \/>\n<meta property=\"og:title\" content=\"Novosti\" \/>\n<meta property=\"og:description\" content=\"Glacier novosti \u2013 tr\u017ei\u0161te, saveti i vozila Otkupljujemo \u2013 teretna vozila brzo i bez komplikacija! Kontaktirajte nas i po\u0161aljite osnovne...\" \/>\n<meta property=\"og:url\" content=\"https:\/\/glacier.rs\/en\/novosti\/\" \/>\n<meta property=\"og:site_name\" content=\"Glacier\" \/>\n<meta property=\"article:modified_time\" content=\"2025-07-31T12:32:26+00:00\" \/>\n<meta name=\"twitter:card\" content=\"summary_large_image\" \/>\n<script type=\"application\/ld+json\" class=\"yoast-schema-graph\">{\"@context\":\"https:\\\/\\\/schema.org\",\"@graph\":[{\"@type\":\"WebPage\",\"@id\":\"https:\\\/\\\/glacier.rs\\\/novosti\\\/\",\"url\":\"https:\\\/\\\/glacier.rs\\\/novosti\\\/\",\"name\":\"Novosti - Glacier\",\"isPartOf\":{\"@id\":\"https:\\\/\\\/glacier.rs\\\/#website\"},\"datePublished\":\"2025-07-01T19:16:34+00:00\",\"dateModified\":\"2025-07-31T12:32:26+00:00\",\"breadcrumb\":{\"@id\":\"https:\\\/\\\/glacier.rs\\\/novosti\\\/#breadcrumb\"},\"inLanguage\":\"en-GB\",\"potentialAction\":[{\"@type\":\"ReadAction\",\"target\":[\"https:\\\/\\\/glacier.rs\\\/novosti\\\/\"]}]},{\"@type\":\"BreadcrumbList\",\"@id\":\"https:\\\/\\\/glacier.rs\\\/novosti\\\/#breadcrumb\",\"itemListElement\":[{\"@type\":\"ListItem\",\"position\":1,\"name\":\"Home\",\"item\":\"https:\\\/\\\/glacier.rs\\\/\"},{\"@type\":\"ListItem\",\"position\":2,\"name\":\"Novosti\"}]},{\"@type\":\"WebSite\",\"@id\":\"https:\\\/\\\/glacier.rs\\\/#website\",\"url\":\"https:\\\/\\\/glacier.rs\\\/\",\"name\":\"Glacier\",\"description\":\"\",\"publisher\":{\"@id\":\"https:\\\/\\\/glacier.rs\\\/#organization\"},\"potentialAction\":[{\"@type\":\"SearchAction\",\"target\":{\"@type\":\"EntryPoint\",\"urlTemplate\":\"https:\\\/\\\/glacier.rs\\\/?s={search_term_string}\"},\"query-input\":{\"@type\":\"PropertyValueSpecification\",\"valueRequired\":true,\"valueName\":\"search_term_string\"}}],\"inLanguage\":\"en-GB\"},{\"@type\":[\"Organization\",\"Place\"],\"@id\":\"https:\\\/\\\/glacier.rs\\\/#organization\",\"name\":\"Glacier\",\"url\":\"https:\\\/\\\/glacier.rs\\\/\",\"logo\":{\"@id\":\"https:\\\/\\\/glacier.rs\\\/novosti\\\/#local-main-organization-logo\"},\"image\":{\"@id\":\"https:\\\/\\\/glacier.rs\\\/novosti\\\/#local-main-organization-logo\"},\"address\":{\"@id\":\"https:\\\/\\\/glacier.rs\\\/novosti\\\/#local-main-place-address\"},\"geo\":{\"@type\":\"GeoCoordinates\",\"latitude\":\"44.882260746408335\",\"longitude\":\"20.110516971164536\"},\"telephone\":[\"+381222155362\"],\"openingHoursSpecification\":[{\"@type\":\"OpeningHoursSpecification\",\"dayOfWeek\":[\"Monday\",\"Tuesday\",\"Wednesday\",\"Thursday\",\"Friday\",\"Saturday\",\"Sunday\"],\"opens\":\"09:00\",\"closes\":\"17:00\"}],\"email\":\"prodaja@glacier.rs\"},{\"@type\":\"PostalAddress\",\"@id\":\"https:\\\/\\\/glacier.rs\\\/novosti\\\/#local-main-place-address\",\"streetAddress\":\"Dositejeva 9, \u0160imanovci 22310\",\"addressLocality\":\"\u0160imanovci\",\"postalCode\":\"22310\",\"addressRegion\":\"Beograd\",\"addressCountry\":\"RS\"},{\"@type\":\"ImageObject\",\"inLanguage\":\"en-GB\",\"@id\":\"https:\\\/\\\/glacier.rs\\\/novosti\\\/#local-main-organization-logo\",\"url\":\"https:\\\/\\\/glacier.rs\\\/wp-content\\\/uploads\\\/2025\\\/08\\\/glacier-logo.png\",\"contentUrl\":\"https:\\\/\\\/glacier.rs\\\/wp-content\\\/uploads\\\/2025\\\/08\\\/glacier-logo.png\",\"width\":2478,\"height\":814,\"caption\":\"Glacier\"}]}<\/script>\n<meta name=\"geo.placename\" content=\"\u0160imanovci\" \/>\n<meta name=\"geo.position\" content=\"44.882260746408335;20.110516971164536\" \/>\n<meta name=\"geo.region\" content=\"Serbia\" \/>\n<!-- \/ Yoast SEO Premium plugin. -->","yoast_head_json":{"title":"Novosti - Glacier","robots":{"index":"index","follow":"follow","max-snippet":"max-snippet:-1","max-image-preview":"max-image-preview:large","max-video-preview":"max-video-preview:-1"},"canonical":"https:\/\/glacier.rs\/en\/novosti\/","og_locale":"en_GB","og_type":"article","og_title":"Novosti","og_description":"Glacier novosti \u2013 tr\u017ei\u0161te, saveti i vozila Otkupljujemo \u2013 teretna vozila brzo i bez komplikacija! Kontaktirajte nas i po\u0161aljite osnovne...","og_url":"https:\/\/glacier.rs\/en\/novosti\/","og_site_name":"Glacier","article_modified_time":"2025-07-31T12:32:26+00:00","twitter_card":"summary_large_image","schema":{"@context":"https:\/\/schema.org","@graph":[{"@type":"WebPage","@id":"https:\/\/glacier.rs\/novosti\/","url":"https:\/\/glacier.rs\/novosti\/","name":"Novosti - Glacier","isPartOf":{"@id":"https:\/\/glacier.rs\/#website"},"datePublished":"2025-07-01T19:16:34+00:00","dateModified":"2025-07-31T12:32:26+00:00","breadcrumb":{"@id":"https:\/\/glacier.rs\/novosti\/#breadcrumb"},"inLanguage":"en-GB","potentialAction":[{"@type":"ReadAction","target":["https:\/\/glacier.rs\/novosti\/"]}]},{"@type":"BreadcrumbList","@id":"https:\/\/glacier.rs\/novosti\/#breadcrumb","itemListElement":[{"@type":"ListItem","position":1,"name":"Home","item":"https:\/\/glacier.rs\/"},{"@type":"ListItem","position":2,"name":"Novosti"}]},{"@type":"WebSite","@id":"https:\/\/glacier.rs\/#website","url":"https:\/\/glacier.rs\/","name":"Glacier","description":"","publisher":{"@id":"https:\/\/glacier.rs\/#organization"},"potentialAction":[{"@type":"SearchAction","target":{"@type":"EntryPoint","urlTemplate":"https:\/\/glacier.rs\/?s={search_term_string}"},"query-input":{"@type":"PropertyValueSpecification","valueRequired":true,"valueName":"search_term_string"}}],"inLanguage":"en-GB"},{"@type":["Organization","Place"],"@id":"https:\/\/glacier.rs\/#organization","name":"Glacier","url":"https:\/\/glacier.rs\/","logo":{"@id":"https:\/\/glacier.rs\/novosti\/#local-main-organization-logo"},"image":{"@id":"https:\/\/glacier.rs\/novosti\/#local-main-organization-logo"},"address":{"@id":"https:\/\/glacier.rs\/novosti\/#local-main-place-address"},"geo":{"@type":"GeoCoordinates","latitude":"44.882260746408335","longitude":"20.110516971164536"},"telephone":["+381222155362"],"openingHoursSpecification":[{"@type":"OpeningHoursSpecification","dayOfWeek":["Monday","Tuesday","Wednesday","Thursday","Friday","Saturday","Sunday"],"opens":"09:00","closes":"17:00"}],"email":"prodaja@glacier.rs"},{"@type":"PostalAddress","@id":"https:\/\/glacier.rs\/novosti\/#local-main-place-address","streetAddress":"Dositejeva 9, \u0160imanovci 22310","addressLocality":"\u0160imanovci","postalCode":"22310","addressRegion":"Beograd","addressCountry":"RS"},{"@type":"ImageObject","inLanguage":"en-GB","@id":"https:\/\/glacier.rs\/novosti\/#local-main-organization-logo","url":"https:\/\/glacier.rs\/wp-content\/uploads\/2025\/08\/glacier-logo.png","contentUrl":"https:\/\/glacier.rs\/wp-content\/uploads\/2025\/08\/glacier-logo.png","width":2478,"height":814,"caption":"Glacier"}]},"geo.placename":"\u0160imanovci","geo.position":{"lat":"44.882260746408335","long":"20.110516971164536"},"geo.region":"Serbia"},"_links":{"self":[{"href":"https:\/\/glacier.rs\/en\/wp-json\/wp\/v2\/pages\/4730","targetHints":{"allow":["GET"]}}],"collection":[{"href":"https:\/\/glacier.rs\/en\/wp-json\/wp\/v2\/pages"}],"about":[{"href":"https:\/\/glacier.rs\/en\/wp-json\/wp\/v2\/types\/page"}],"author":[{"embeddable":true,"href":"https:\/\/glacier.rs\/en\/wp-json\/wp\/v2\/users\/1"}],"replies":[{"embeddable":true,"href":"https:\/\/glacier.rs\/en\/wp-json\/wp\/v2\/comments?post=4730"}],"version-history":[{"count":37,"href":"https:\/\/glacier.rs\/en\/wp-json\/wp\/v2\/pages\/4730\/revisions"}],"predecessor-version":[{"id":8697,"href":"https:\/\/glacier.rs\/en\/wp-json\/wp\/v2\/pages\/4730\/revisions\/8697"}],"wp:attachment":[{"href":"https:\/\/glacier.rs\/en\/wp-json\/wp\/v2\/media?parent=4730"}],"curies":[{"name":"wp","href":"https:\/\/api.w.org\/{rel}","templated":true}]}}